{"id":22,"date":"2023-08-09T11:32:36","date_gmt":"2023-08-09T09:32:36","guid":{"rendered":"https:\/\/wordpress.vecurosoft.com\/kiddino\/?page_id=22"},"modified":"2026-01-07T16:40:09","modified_gmt":"2026-01-07T13:40:09","slug":"iletisim","status":"publish","type":"page","link":"https:\/\/brightlandcorp.com\/index.php\/iletisim\/","title":{"rendered":"\u0130leti\u015fim"},"content":{"rendered":"\t\t<div data-elementor-type=\"wp-page\" data-elementor-id=\"22\" class=\"elementor elementor-22\">\n\t\t\t\t\t\t<section class=\"elementor-section elementor-top-section elementor-element elementor-element-89c1bd6 elementor-section-full_width elementor-section-height-default elementor-section-height-default\" data-id=\"89c1bd6\" data-element_type=\"section\">\n\t\t\t\t\t\t<div class=\"elementor-container elementor-column-gap-no\">\n\t\t\t\t\t<div class=\"elementor-column elementor-col-100 elementor-top-column elementor-element elementor-element-e654b93\" data-id=\"e654b93\" data-element_type=\"column\">\n\t\t\t<div class=\"elementor-widget-wrap elementor-element-populated\">\n\t\t\t\t\t\t<section class=\"elementor-section elementor-inner-section elementor-element elementor-element-52ca4b7 elementor-section-boxed elementor-section-height-default elementor-section-height-default\" data-id=\"52ca4b7\" data-element_type=\"section\">\n\t\t\t\t\t\t<div class=\"elementor-container elementor-column-gap-no\">\n\t\t\t\t\t<div class=\"elementor-column elementor-col-33 elementor-inner-column elementor-element elementor-element-ba6236a\" data-id=\"ba6236a\" data-element_type=\"column\">\n\t\t\t<div class=\"elementor-widget-wrap elementor-element-populated\">\n\t\t\t\t\t\t<div class=\"elementor-element elementor-element-b501b28 elementor-widget elementor-widget-kiddinoinfobox\" data-id=\"b501b28\" data-element_type=\"widget\" data-widget_type=\"kiddinoinfobox.default\">\n\t\t\t\t<div class=\"elementor-widget-container\">\n\t\t\t\t\t<div class=\"info-style2\">\n\t\t\t\t\t\t\t<div class=\"info-icon\">\n\t\t\t\t\t<img decoding=\"async\" src=\"https:\/\/wordpress.vecurosoft.com\/kiddino\/wp-content\/uploads\/2023\/08\/c-b-1-1.svg\" alt=\"icon\"  \/>\t\t\t\t<\/div>\n\t\t\t\n\t\t\t\t\t\t\t<h3 class=\"info-title\">\n\t\t\t\t\tTelefon\t\t\t\t<\/h3>\n\t\t\t\t\t\t\n\t\t\t\t\t\t\t\t<p class=\"info-text\">\n\t\t\t\t\t\t+90 538 253 48 43\t\t\t\t\t<\/p>\n\t\t\t\t\t<\/div>\n\t\t\t<\/div>\n\t\t\t\t<\/div>\n\t\t\t\t\t<\/div>\n\t\t<\/div>\n\t\t\t\t<div class=\"elementor-column elementor-col-33 elementor-inner-column elementor-element elementor-element-01aad78\" data-id=\"01aad78\" data-element_type=\"column\">\n\t\t\t<div class=\"elementor-widget-wrap elementor-element-populated\">\n\t\t\t\t\t\t<div class=\"elementor-element elementor-element-7ca26bf elementor-widget elementor-widget-kiddinoinfobox\" data-id=\"7ca26bf\" data-element_type=\"widget\" data-widget_type=\"kiddinoinfobox.default\">\n\t\t\t\t<div class=\"elementor-widget-container\">\n\t\t\t\t\t<div class=\"info-style2\">\n\t\t\t\t\t\t\t<div class=\"info-icon\">\n\t\t\t\t\t<img decoding=\"async\" src=\"https:\/\/wordpress.vecurosoft.com\/kiddino\/wp-content\/uploads\/2023\/08\/c-b-1-2.svg\" alt=\"icon\"  \/>\t\t\t\t<\/div>\n\t\t\t\n\t\t\t\t\t\t\t<h3 class=\"info-title\">\n\t\t\t\t\tPazartesi - Cuma\t\t\t\t<\/h3>\n\t\t\t\t\t\t\n\t\t\t\t\t\t\t\t<p class=\"info-text\">\n\t\t\t\t\t\t08:00 - 18:00\t\t\t\t\t<\/p>\n\t\t\t\t\t<\/div>\n\t\t\t<\/div>\n\t\t\t\t<\/div>\n\t\t\t\t\t<\/div>\n\t\t<\/div>\n\t\t\t\t<div class=\"elementor-column elementor-col-33 elementor-inner-column elementor-element elementor-element-30f4482\" data-id=\"30f4482\" data-element_type=\"column\">\n\t\t\t<div class=\"elementor-widget-wrap elementor-element-populated\">\n\t\t\t\t\t\t<div class=\"elementor-element elementor-element-6722513 elementor-widget elementor-widget-kiddinoinfobox\" data-id=\"6722513\" data-element_type=\"widget\" data-widget_type=\"kiddinoinfobox.default\">\n\t\t\t\t<div class=\"elementor-widget-container\">\n\t\t\t\t\t<div class=\"info-style2\">\n\t\t\t\t\t\t\t<div class=\"info-icon\">\n\t\t\t\t\t<img decoding=\"async\" src=\"https:\/\/wordpress.vecurosoft.com\/kiddino\/wp-content\/uploads\/2023\/08\/c-b-1-3.svg\" alt=\"icon\"  \/>\t\t\t\t<\/div>\n\t\t\t\n\t\t\t\t\t\t\t<h3 class=\"info-title\">\n\t\t\t\t\tEmail Address\t\t\t\t<\/h3>\n\t\t\t\t\t\t\n\t\t\t\t\t\t\t\t<p class=\"info-text\">\n\t\t\t\t\t\tinfo@brightlandcorp.com\t\t\t\t\t<\/p>\n\t\t\t\t\t<\/div>\n\t\t\t<\/div>\n\t\t\t\t<\/div>\n\t\t\t\t\t<\/div>\n\t\t<\/div>\n\t\t\t\t\t<\/div>\n\t\t<\/section>\n\t\t\t\t\t<\/div>\n\t\t<\/div>\n\t\t\t\t\t<\/div>\n\t\t<\/section>\n\t\t\t\t<section class=\"elementor-section elementor-top-section elementor-element elementor-element-ae42237 elementor-section-full_width elementor-section-height-default elementor-section-height-default\" data-id=\"ae42237\" data-element_type=\"section\">\n\t\t\t\t\t\t<div class=\"elementor-container elementor-column-gap-no\">\n\t\t\t\t\t<div class=\"elementor-column elementor-col-100 elementor-top-column elementor-element elementor-element-a8c745c\" data-id=\"a8c745c\" data-element_type=\"column\">\n\t\t\t<div class=\"elementor-widget-wrap elementor-element-populated\">\n\t\t\t\t\t\t<section class=\"elementor-section elementor-inner-section elementor-element elementor-element-e776a42 elementor-section-content-middle elementor-section-boxed elementor-section-height-default elementor-section-height-default\" data-id=\"e776a42\" data-element_type=\"section\">\n\t\t\t\t\t\t<div class=\"elementor-container elementor-column-gap-no\">\n\t\t\t\t\t<div class=\"elementor-column elementor-col-50 elementor-inner-column elementor-element elementor-element-5117de1\" data-id=\"5117de1\" data-element_type=\"column\">\n\t\t\t<div class=\"elementor-widget-wrap elementor-element-populated\">\n\t\t\t\t\t\t<div class=\"elementor-element elementor-element-197c032 elementor-widget elementor-widget-kiddinosectiontitle\" data-id=\"197c032\" data-element_type=\"widget\" data-widget_type=\"kiddinosectiontitle.default\">\n\t\t\t\t<div class=\"elementor-widget-container\">\n\t\t\t<!-- Section Title --><div class=\"title-area\" ><span class=\"sec-subtitle\">Formu doldurun<\/span><h2 class=\"sec-title title-selector\">\u0130LET\u0130\u015e\u0130ME GE\u00c7<\/h2><p class=\"sec-text\">\n<\/p><\/div><!-- End Section Title -->\t\t<\/div>\n\t\t\t\t<\/div>\n\t\t\t\t<div class=\"elementor-element elementor-element-7009ed1 elementor-widget elementor-widget-shortcode\" data-id=\"7009ed1\" data-element_type=\"widget\" data-widget_type=\"shortcode.default\">\n\t\t\t\t<div class=\"elementor-widget-container\">\n\t\t\t\t\t<div class=\"elementor-shortcode\">\n<div class=\"wpcf7 no-js\" id=\"wpcf7-f2339-o1\" lang=\"en-US\" dir=\"ltr\">\n<div class=\"screen-reader-response\"><p role=\"status\" aria-live=\"polite\" aria-atomic=\"true\"><\/p> <ul><\/ul><\/div>\n<form action=\"\/index.php\/wp-json\/wp\/v2\/pages\/22#wpcf7-f2339-o1\" method=\"post\" class=\"wpcf7-form init\" aria-label=\"Contact form\" novalidate=\"novalidate\" data-status=\"init\">\n<div style=\"display: none;\">\n<input type=\"hidden\" name=\"_wpcf7\" value=\"2339\" \/>\n<input type=\"hidden\" name=\"_wpcf7_version\" value=\"5.9.3\" \/>\n<input type=\"hidden\" name=\"_wpcf7_locale\" value=\"en_US\" \/>\n<input type=\"hidden\" name=\"_wpcf7_unit_tag\" value=\"wpcf7-f2339-o1\" \/>\n<input type=\"hidden\" name=\"_wpcf7_container_post\" value=\"0\" \/>\n<input type=\"hidden\" name=\"_wpcf7_posted_data_hash\" value=\"\" \/>\n<\/div>\n<div class=\"row justify-content-between\">\n         <div class=\"col-md-6 form-group\">\n            <label>\u0130sim <span class=\"required\">(Zorunlu)<\/span><\/label>\n            <span class=\"wpcf7-form-control-wrap\" data-name=\"isim\"><input size=\"40\" class=\"wpcf7-form-control wpcf7-text wpcf7-validates-as-required\" aria-required=\"true\" aria-invalid=\"false\" value=\"\" type=\"text\" name=\"isim\" \/><\/span>\n        <\/div>\n\n        <div class=\"col-md-6 form-group\">\n            <label>Soyisim <span class=\"required\">(Zorunlu)<\/span><\/label>\n            <span class=\"wpcf7-form-control-wrap\" data-name=\"soyisim\"><input size=\"40\" class=\"wpcf7-form-control wpcf7-text wpcf7-validates-as-required\" aria-required=\"true\" aria-invalid=\"false\" value=\"\" type=\"text\" name=\"soyisim\" \/><\/span>\n        <\/div>\n\n        <div class=\"col-md-6 form-group\">\n            <label>E-posta <span class=\"required\">(Zorunlu)<\/span><\/label>\n            <span class=\"wpcf7-form-control-wrap\" data-name=\"email-address\"><input size=\"40\" class=\"wpcf7-form-control wpcf7-email wpcf7-validates-as-required wpcf7-text wpcf7-validates-as-email\" aria-required=\"true\" aria-invalid=\"false\" value=\"\" type=\"email\" name=\"email-address\" \/><\/span>\n        <\/div>\n\n        <div class=\"col-md-6 form-group\">\n            <label>Telefon <span class=\"required\">(Zorunlu)<\/span><\/label>\n            <span class=\"wpcf7-form-control-wrap\" data-name=\"phone-number\"><input size=\"40\" class=\"wpcf7-form-control wpcf7-tel wpcf7-validates-as-required wpcf7-text wpcf7-validates-as-tel\" aria-required=\"true\" aria-invalid=\"false\" value=\"\" type=\"tel\" name=\"phone-number\" \/><\/span>\n        <\/div>\n\n        <div class=\"col-md-12 form-group\">\n            <label>Mesaj\u0131n\u0131z <span class=\"required\">(Zorunlu)<\/span><\/label>\n            <span class=\"wpcf7-form-control-wrap\" data-name=\"your-message\"><textarea cols=\"40\" rows=\"10\" class=\"wpcf7-form-control wpcf7-textarea wpcf7-validates-as-required\" aria-required=\"true\" aria-invalid=\"false\" placeholder=\"Mesaj\u0131n\u0131z\u0131 Yaz\u0131n\" name=\"your-message\"><\/textarea><\/span>\n        <\/div>\n\n        <div class=\"col-auto form-group\">\n            <button class=\"vs-btn\" type=\"submit\">G\u00f6nder<\/button>\n        <\/div>\n\n    <\/div>\n<\/div><div class=\"wpcf7-response-output\" aria-hidden=\"true\"><\/div>\n<\/form>\n<\/div>\n<\/div>\n\t\t\t\t<\/div>\n\t\t\t\t<\/div>\n\t\t\t\t\t<\/div>\n\t\t<\/div>\n\t\t\t\t<div class=\"elementor-column elementor-col-50 elementor-inner-column elementor-element elementor-element-fa67efc\" data-id=\"fa67efc\" data-element_type=\"column\">\n\t\t\t<div class=\"elementor-widget-wrap elementor-element-populated\">\n\t\t\t\t\t\t<div class=\"elementor-element elementor-element-f2e8399 elementor-widget elementor-widget-image\" data-id=\"f2e8399\" data-element_type=\"widget\" data-widget_type=\"image.default\">\n\t\t\t\t<div class=\"elementor-widget-container\">\n\t\t\t<style>\/*! elementor - v3.20.0 - 26-03-2024 *\/\n.elementor-widget-image{text-align:center}.elementor-widget-image a{display:inline-block}.elementor-widget-image a img[src$=\".svg\"]{width:48px}.elementor-widget-image img{vertical-align:middle;display:inline-block}<\/style>\t\t\t\t\t\t\t\t\t\t<img fetchpriority=\"high\" decoding=\"async\" width=\"675\" height=\"675\" src=\"https:\/\/brightlandcorp.com\/wp-content\/uploads\/2024\/03\/danismanlik3.jpg\" class=\"attachment-large size-large wp-image-4666\" alt=\"\" srcset=\"https:\/\/brightlandcorp.com\/wp-content\/uploads\/2024\/03\/danismanlik3.jpg 675w, https:\/\/brightlandcorp.com\/wp-content\/uploads\/2024\/03\/danismanlik3-300x300.jpg 300w, https:\/\/brightlandcorp.com\/wp-content\/uploads\/2024\/03\/danismanlik3-100x100.jpg 100w, https:\/\/brightlandcorp.com\/wp-content\/uploads\/2024\/03\/danismanlik3-600x600.jpg 600w, https:\/\/brightlandcorp.com\/wp-content\/uploads\/2024\/03\/danismanlik3-150x150.jpg 150w, https:\/\/brightlandcorp.com\/wp-content\/uploads\/2024\/03\/danismanlik3-230x230.jpg 230w, https:\/\/brightlandcorp.com\/wp-content\/uploads\/2024\/03\/danismanlik3-460x460.jpg 460w\" sizes=\"(max-width: 675px) 100vw, 675px\" \/>\t\t\t\t\t\t\t\t\t\t\t\t\t<\/div>\n\t\t\t\t<\/div>\n\t\t\t\t\t<\/div>\n\t\t<\/div>\n\t\t\t\t\t<\/div>\n\t\t<\/section>\n\t\t\t\t\t<\/div>\n\t\t<\/div>\n\t\t\t\t\t<\/div>\n\t\t<\/section>\n\t\t\t\t<\/div>\n\t\t","protected":false},"excerpt":{"rendered":"<p>Telefon +90 538 253 48 43 Pazartesi &#8211; Cuma 08:00 &#8211; 18:00 Email Address info@brightlandcorp.com Formu doldurun \u0130LET\u0130\u015e\u0130ME GE\u00c7<\/p>\n","protected":false},"author":1,"featured_media":0,"parent":0,"menu_order":0,"comment_status":"closed","ping_status":"closed","template":"elementor_header_footer","meta":{"footnotes":""},"class_list":["post-22","page","type-page","status-publish","hentry"],"_links":{"self":[{"href":"https:\/\/brightlandcorp.com\/index.php\/wp-json\/wp\/v2\/pages\/22","targetHints":{"allow":["GET"]}}],"collection":[{"href":"https:\/\/brightlandcorp.com\/index.php\/wp-json\/wp\/v2\/pages"}],"about":[{"href":"https:\/\/brightlandcorp.com\/index.php\/wp-json\/wp\/v2\/types\/page"}],"author":[{"embeddable":true,"href":"https:\/\/brightlandcorp.com\/index.php\/wp-json\/wp\/v2\/users\/1"}],"replies":[{"embeddable":true,"href":"https:\/\/brightlandcorp.com\/index.php\/wp-json\/wp\/v2\/comments?post=22"}],"version-history":[{"count":20,"href":"https:\/\/brightlandcorp.com\/index.php\/wp-json\/wp\/v2\/pages\/22\/revisions"}],"predecessor-version":[{"id":4840,"href":"https:\/\/brightlandcorp.com\/index.php\/wp-json\/wp\/v2\/pages\/22\/revisions\/4840"}],"wp:attachment":[{"href":"https:\/\/brightlandcorp.com\/index.php\/wp-json\/wp\/v2\/media?parent=22"}],"curies":[{"name":"wp","href":"https:\/\/api.w.org\/{rel}","templated":true}]}}