{"id":4643,"date":"2024-03-27T07:48:05","date_gmt":"2024-03-27T04:48:05","guid":{"rendered":"https:\/\/brightlandcorp.com\/?page_id=4643"},"modified":"2024-03-27T08:33:14","modified_gmt":"2024-03-27T05:33:14","slug":"egitim-danismanligi-ve-yonetimi","status":"publish","type":"page","link":"https:\/\/brightlandcorp.com\/index.php\/egitim-danismanligi-ve-yonetimi\/","title":{"rendered":"E\u011fitim Dan\u0131\u015fmanl\u0131\u011f\u0131 ve Y\u00f6netimi"},"content":{"rendered":"\t\t<div data-elementor-type=\"wp-page\" data-elementor-id=\"4643\" class=\"elementor elementor-4643\">\n\t\t\t\t\t\t<section class=\"elementor-section elementor-top-section elementor-element elementor-element-f5e2c8e elementor-section-full_width elementor-section-height-default elementor-section-height-default\" data-id=\"f5e2c8e\" data-element_type=\"section\">\n\t\t\t\t\t\t<div class=\"elementor-container elementor-column-gap-no\">\n\t\t\t\t\t<div class=\"elementor-column elementor-col-100 elementor-top-column elementor-element elementor-element-63fe0be\" data-id=\"63fe0be\" data-element_type=\"column\">\n\t\t\t<div class=\"elementor-widget-wrap elementor-element-populated\">\n\t\t\t\t\t\t<section class=\"elementor-section elementor-inner-section elementor-element elementor-element-ded65de elementor-section-content-middle elementor-section-boxed elementor-section-height-default elementor-section-height-default\" data-id=\"ded65de\" data-element_type=\"section\">\n\t\t\t\t\t\t<div class=\"elementor-container elementor-column-gap-no\">\n\t\t\t\t\t<div class=\"elementor-column elementor-col-50 elementor-inner-column elementor-element elementor-element-31851a0\" data-id=\"31851a0\" data-element_type=\"column\">\n\t\t\t<div class=\"elementor-widget-wrap elementor-element-populated\">\n\t\t\t\t\t\t<div class=\"elementor-element elementor-element-1a61412 elementor-widget elementor-widget-heading\" data-id=\"1a61412\" data-element_type=\"widget\" data-widget_type=\"heading.default\">\n\t\t\t\t<div class=\"elementor-widget-container\">\n\t\t\t<style>\/*! elementor - v3.20.0 - 26-03-2024 *\/\n.elementor-heading-title{padding:0;margin:0;line-height:1}.elementor-widget-heading .elementor-heading-title[class*=elementor-size-]>a{color:inherit;font-size:inherit;line-height:inherit}.elementor-widget-heading .elementor-heading-title.elementor-size-small{font-size:15px}.elementor-widget-heading .elementor-heading-title.elementor-size-medium{font-size:19px}.elementor-widget-heading .elementor-heading-title.elementor-size-large{font-size:29px}.elementor-widget-heading .elementor-heading-title.elementor-size-xl{font-size:39px}.elementor-widget-heading .elementor-heading-title.elementor-size-xxl{font-size:59px}<\/style><h1 class=\"elementor-heading-title elementor-size-default\">E\u011fitim Dan\u0131\u015fmanl\u0131\u011f\u0131 ve Y\u00f6netimi<\/h1>\t\t<\/div>\n\t\t\t\t<\/div>\n\t\t\t\t<div class=\"elementor-element elementor-element-479e9cc elementor-widget elementor-widget-text-editor\" data-id=\"479e9cc\" data-element_type=\"widget\" data-widget_type=\"text-editor.default\">\n\t\t\t\t<div class=\"elementor-widget-container\">\n\t\t\t<style>\/*! elementor - v3.20.0 - 26-03-2024 *\/\n.elementor-widget-text-editor.elementor-drop-cap-view-stacked .elementor-drop-cap{background-color:#69727d;color:#fff}.elementor-widget-text-editor.elementor-drop-cap-view-framed .elementor-drop-cap{color:#69727d;border:3px solid;background-color:transparent}.elementor-widget-text-editor:not(.elementor-drop-cap-view-default) .elementor-drop-cap{margin-top:8px}.elementor-widget-text-editor:not(.elementor-drop-cap-view-default) .elementor-drop-cap-letter{width:1em;height:1em}.elementor-widget-text-editor .elementor-drop-cap{float:left;text-align:center;line-height:1;font-size:50px}.elementor-widget-text-editor .elementor-drop-cap-letter{display:inline-block}<\/style>\t\t\t\t<div class=\"title-divider2\"><\/div>\t\t\t\t\t\t<\/div>\n\t\t\t\t<\/div>\n\t\t\t\t<div class=\"elementor-element elementor-element-d1592cc elementor-widget elementor-widget-text-editor\" data-id=\"d1592cc\" data-element_type=\"widget\" data-widget_type=\"text-editor.default\">\n\t\t\t\t<div class=\"elementor-widget-container\">\n\t\t\t\t\t\t\t<p>E\u011fitim kurumlar\u0131 ve \u00f6\u011fretmenler i\u00e7in dan\u0131\u015fmanl\u0131k ve y\u00f6netim hizmetleri sunan Brightland, e\u011fitim sekt\u00f6r\u00fcnde kalitenin y\u00fckseltilmesi ve \u00f6\u011frenme deneyimlerinin iyile\u015ftirilmesi konusunda destek sa\u011flar.<\/p>\t\t\t\t\t\t<\/div>\n\t\t\t\t<\/div>\n\t\t\t\t<div class=\"elementor-element elementor-element-b070028 elementor-widget-tablet__width-initial elementor-widget elementor-widget-kiddinochecklist\" data-id=\"b070028\" data-element_type=\"widget\" data-widget_type=\"kiddinochecklist.default\">\n\t\t\t\t<div class=\"elementor-widget-container\">\n\t\t\t            <div class=\"row justify-content-center justify-content-xl-start \">\n\t\t\t\t<div class=\"col-auto\">\n\t\t\t\t\t<div class=\"list-style1\">\n\t\t\t\t\t\t<ul class=\"list-unstyled\">\n\t\t\t\t\t\t\t\t\t\t\t\t\t\t\t<li>E\u011fiticilerin E\u011fitimi<\/li>\n\t\t\t\t\t\t\t\t\t\t\t\t\t\t\t<li>\u00d6\u011fretmen E\u011fitimi<\/li>\n\t\t\t\t\t\t\t\t\t\t\t\t\t\t\t<li>Okul Y\u00f6netimi Dan\u0131\u015fmanl\u0131\u011f\u0131<\/li>\n\t\t\t\t\t\t\t\t\t\t\t\t\t\t\t<li>Kurumsal Partnerlikler<\/li>\n\t\t\t\t\t\t\t\t\t\t\t\t\t<\/ul>\n\t\t\t\t\t<\/div>\n\t\t\t\t<\/div>\n            <\/div>\n        \t\t<\/div>\n\t\t\t\t<\/div>\n\t\t\t\t\t<\/div>\n\t\t<\/div>\n\t\t\t\t<div class=\"elementor-column elementor-col-50 elementor-inner-column elementor-element elementor-element-d4fa0ce\" data-id=\"d4fa0ce\" data-element_type=\"column\">\n\t\t\t<div class=\"elementor-widget-wrap elementor-element-populated\">\n\t\t\t\t\t\t<div class=\"elementor-element elementor-element-7e506e2 elementor-widget elementor-widget-kiddinoimagebox\" data-id=\"7e506e2\" data-element_type=\"widget\" data-widget_type=\"kiddinoimagebox.default\">\n\t\t\t\t<div class=\"elementor-widget-container\">\n\t\t\t\t\t<div class=\"img-box7 imagebox-wraper \">\r\n\t\t\t    <div class=\"mega-hover\">\n        <img decoding=\"async\" src=\"https:\/\/brightlandcorp.com\/wp-content\/uploads\/2024\/03\/danismanlik2.png\" alt=\"teacher\"  class=\"w-100\" \/>    <\/div>\n\t\t<\/div>\r\n\t\t\t<\/div>\n\t\t\t\t<\/div>\n\t\t\t\t\t<\/div>\n\t\t<\/div>\n\t\t\t\t\t<\/div>\n\t\t<\/section>\n\t\t\t\t<section class=\"elementor-section elementor-inner-section elementor-element elementor-element-decf8d3 elementor-section-content-middle elementor-section-boxed elementor-section-height-default elementor-section-height-default\" data-id=\"decf8d3\" data-element_type=\"section\">\n\t\t\t\t\t\t<div class=\"elementor-container elementor-column-gap-no\">\n\t\t\t\t\t<div class=\"elementor-column elementor-col-100 elementor-inner-column elementor-element elementor-element-0e5688a\" data-id=\"0e5688a\" data-element_type=\"column\">\n\t\t\t<div class=\"elementor-widget-wrap elementor-element-populated\">\n\t\t\t\t\t\t<div class=\"elementor-element elementor-element-c6639c8 elementor-widget elementor-widget-text-editor\" data-id=\"c6639c8\" data-element_type=\"widget\" data-widget_type=\"text-editor.default\">\n\t\t\t\t<div class=\"elementor-widget-container\">\n\t\t\t\t\t\t\t<div class=\"title-divider2\"><\/div>\t\t\t\t\t\t<\/div>\n\t\t\t\t<\/div>\n\t\t\t\t<div class=\"elementor-element elementor-element-8dc010b elementor-widget elementor-widget-heading\" data-id=\"8dc010b\" data-element_type=\"widget\" data-widget_type=\"heading.default\">\n\t\t\t\t<div class=\"elementor-widget-container\">\n\t\t\t<h1 class=\"elementor-heading-title elementor-size-default\">E\u011fitim Dan\u0131\u015fmanl\u0131\u011f\u0131 ve Y\u00f6netimi<\/h1>\t\t<\/div>\n\t\t\t\t<\/div>\n\t\t\t\t<div class=\"elementor-element elementor-element-407ed61 elementor-widget elementor-widget-text-editor\" data-id=\"407ed61\" data-element_type=\"widget\" data-widget_type=\"text-editor.default\">\n\t\t\t\t<div class=\"elementor-widget-container\">\n\t\t\t\t\t\t\t<p>E\u011fitim sekt\u00f6r\u00fcnde faaliyet g\u00f6steren kurum ve \u00f6\u011fretmenlere y\u00f6nelik dan\u0131\u015fmanl\u0131k ve y\u00f6netim hizmetleri sunan Brightland, e\u011fitim kalitesini art\u0131rma ve \u00f6\u011frenme s\u00fcre\u00e7lerini iyile\u015ftirme amac\u0131 g\u00fctmektedir. Bu hizmet kapsam\u0131nda, kurumlar\u0131n e\u011fitim stratejilerini geli\u015ftirmelerine, \u00f6\u011fretmenlerin mesleki becerilerini art\u0131rmalar\u0131na ve e\u011fitim y\u00f6netim s\u00fcre\u00e7lerini optimize etmelerine yard\u0131mc\u0131 oluyoruz. Ayr\u0131ca, \u00f6\u011frenci ba\u015far\u0131s\u0131n\u0131 art\u0131racak yenilik\u00e7i \u00f6\u011fretim metodolojileri ve teknolojileri hakk\u0131nda rehberlik ediyoruz. E\u011fitim dan\u0131\u015fmanl\u0131\u011f\u0131 ve y\u00f6netimi hizmetimiz, e\u011fitim kurumlar\u0131n\u0131n s\u00fcrd\u00fcr\u00fclebilir ba\u015far\u0131lar elde etmeleri ve sekt\u00f6rde \u00f6ne \u00e7\u0131kmalar\u0131 i\u00e7in kritik \u00f6neme sahiptir.<\/p>\t\t\t\t\t\t<\/div>\n\t\t\t\t<\/div>\n\t\t\t\t\t<\/div>\n\t\t<\/div>\n\t\t\t\t\t<\/div>\n\t\t<\/section>\n\t\t\t\t<section class=\"elementor-section elementor-inner-section elementor-element elementor-element-9fe327b elementor-section-content-middle elementor-section-boxed elementor-section-height-default elementor-section-height-default\" data-id=\"9fe327b\" data-element_type=\"section\">\n\t\t\t\t\t\t<div class=\"elementor-container elementor-column-gap-no\">\n\t\t\t\t\t<div class=\"elementor-column elementor-col-100 elementor-inner-column elementor-element elementor-element-a34bc90\" data-id=\"a34bc90\" data-element_type=\"column\">\n\t\t\t<div class=\"elementor-widget-wrap elementor-element-populated\">\n\t\t\t\t\t\t<div class=\"elementor-element elementor-element-aa7f4b2 elementor-widget elementor-widget-heading\" data-id=\"aa7f4b2\" data-element_type=\"widget\" data-widget_type=\"heading.default\">\n\t\t\t\t<div class=\"elementor-widget-container\">\n\t\t\t<h1 class=\"elementor-heading-title elementor-size-default\">Neler Sa\u011fl\u0131yoruz<\/h1>\t\t<\/div>\n\t\t\t\t<\/div>\n\t\t\t\t<div class=\"elementor-element elementor-element-e9d72dc elementor-widget elementor-widget-text-editor\" data-id=\"e9d72dc\" data-element_type=\"widget\" data-widget_type=\"text-editor.default\">\n\t\t\t\t<div class=\"elementor-widget-container\">\n\t\t\t\t\t\t\t<div class=\"title-divider2\"><\/div>\t\t\t\t\t\t<\/div>\n\t\t\t\t<\/div>\n\t\t\t\t<div class=\"elementor-element elementor-element-1cf5d3b elementor-widget elementor-widget-kiddinofaq\" data-id=\"1cf5d3b\" data-element_type=\"widget\" data-widget_type=\"kiddinofaq.default\">\n\t\t\t\t<div class=\"elementor-widget-container\">\n\t\t\t<div class=\"accordion accordion-style1 \" id=\"faqWidget_69f5eddbb368b\"><div class=\"accordion-item accordion-box active\"><div class=\"accordion-header\" id=\"faq_69f5eddbb3692\"><button class=\"accordion-button \" type=\"button\" data-bs-toggle=\"collapse\" data-bs-target=\"#faq_69f5eddbb3692_collapse\" aria-expanded=\"true\" aria-controls=\"faq_69f5eddbb3692_collapse\">E\u011fitim Kalitesinin Art\u0131r\u0131lmas\u0131<\/button><\/div><div id=\"faq_69f5eddbb3692_collapse\" class=\"accordion-collapse collapse show\" aria-labelledby=\"faq_69f5eddbb3692\" data-bs-parent=\"#faqWidget_69f5eddbb368b\"><div class=\"accordion-body\"><p>\u00d6\u011fretim metodolojileri ve teknolojileri konusunda yenilik\u00e7i \u00e7\u00f6z\u00fcmler sunarak e\u011fitim kalitesini art\u0131r\u0131r.<\/p><\/div><\/div><\/div><div class=\"accordion-item accordion-box \"><div class=\"accordion-header\" id=\"faq_69f5eddbb369c\"><button class=\"accordion-button collapsed\" type=\"button\" data-bs-toggle=\"collapse\" data-bs-target=\"#faq_69f5eddbb369c_collapse\" aria-expanded=\"false\" aria-controls=\"faq_69f5eddbb369c_collapse\">\u00d6\u011fretmen ve E\u011fitimci Geli\u015fimi<\/button><\/div><div id=\"faq_69f5eddbb369c_collapse\" class=\"accordion-collapse collapse \" aria-labelledby=\"faq_69f5eddbb369c\" data-bs-parent=\"#faqWidget_69f5eddbb368b\"><div class=\"accordion-body\"><p>\u00d6\u011fretmen ve e\u011fiticilerin profesyonel geli\u015fimine katk\u0131da bulunarak, \u00f6\u011frenme s\u00fcre\u00e7lerinde daha etkili olmalar\u0131n\u0131 sa\u011flar.<\/p><\/div><\/div><\/div><div class=\"accordion-item accordion-box \"><div class=\"accordion-header\" id=\"faq_69f5eddbb36a2\"><button class=\"accordion-button collapsed\" type=\"button\" data-bs-toggle=\"collapse\" data-bs-target=\"#faq_69f5eddbb36a2_collapse\" aria-expanded=\"false\" aria-controls=\"faq_69f5eddbb36a2_collapse\">Kurumsal E\u011fitim Stratejileri<\/button><\/div><div id=\"faq_69f5eddbb36a2_collapse\" class=\"accordion-collapse collapse \" aria-labelledby=\"faq_69f5eddbb36a2\" data-bs-parent=\"#faqWidget_69f5eddbb368b\"><div class=\"accordion-body\"><p>E\u011fitim kurumlar\u0131n\u0131n stratejik planlamas\u0131na yard\u0131mc\u0131 olur ve kurumsal hedeflere ula\u015fmada etkili y\u00f6ntemler geli\u015ftirir.<\/p><\/div><\/div><\/div><div class=\"accordion-item accordion-box \"><div class=\"accordion-header\" id=\"faq_69f5eddbb36a8\"><button class=\"accordion-button collapsed\" type=\"button\" data-bs-toggle=\"collapse\" data-bs-target=\"#faq_69f5eddbb36a8_collapse\" aria-expanded=\"false\" aria-controls=\"faq_69f5eddbb36a8_collapse\">Y\u00f6netim ve \u0130\u015fletme Dan\u0131\u015fmanl\u0131\u011f\u0131<\/button><\/div><div id=\"faq_69f5eddbb36a8_collapse\" class=\"accordion-collapse collapse \" aria-labelledby=\"faq_69f5eddbb36a8\" data-bs-parent=\"#faqWidget_69f5eddbb368b\"><div class=\"accordion-body\"><p>Okul y\u00f6netimi ve i\u015fletmesi \u00fczerine dan\u0131\u015fmanl\u0131k vererek, e\u011fitim kurumlar\u0131n\u0131n daha verimli ve etkin \u00e7al\u0131\u015fmas\u0131n\u0131 sa\u011flar.\n<\/p><\/div><\/div><\/div><\/div>\t\t<\/div>\n\t\t\t\t<\/div>\n\t\t\t\t\t<\/div>\n\t\t<\/div>\n\t\t\t\t\t<\/div>\n\t\t<\/section>\n\t\t\t\t\t<\/div>\n\t\t<\/div>\n\t\t\t\t\t<\/div>\n\t\t<\/section>\n\t\t\t\t<\/div>\n\t\t","protected":false},"excerpt":{"rendered":"<p>E\u011fitim Dan\u0131\u015fmanl\u0131\u011f\u0131 ve Y\u00f6netimi E\u011fitim kurumlar\u0131 ve \u00f6\u011fretmenler i\u00e7in dan\u0131\u015fmanl\u0131k ve y\u00f6netim hizmetleri sunan Brightland, e\u011fitim sekt\u00f6r\u00fcnde kalitenin y\u00fckseltilmesi ve \u00f6\u011frenme deneyimlerinin iyile\u015ftirilmesi konusunda destek sa\u011flar. E\u011fiticilerin E\u011fitimi \u00d6\u011fretmen E\u011fitimi Okul Y\u00f6netimi Dan\u0131\u015fmanl\u0131\u011f\u0131 Kurumsal Partnerlikler E\u011fitim Dan\u0131\u015fmanl\u0131\u011f\u0131 ve Y\u00f6netimi E\u011fitim sekt\u00f6r\u00fcnde faaliyet g\u00f6steren kurum ve \u00f6\u011fretmenlere y\u00f6nelik dan\u0131\u015fmanl\u0131k ve y\u00f6netim hizmetleri sunan Brightland, e\u011fitim kalitesini&#8230;<\/p>\n","protected":false},"author":1,"featured_media":0,"parent":0,"menu_order":0,"comment_status":"closed","ping_status":"closed","template":"elementor_header_footer","meta":{"footnotes":""},"class_list":["post-4643","page","type-page","status-publish","hentry"],"_links":{"self":[{"href":"https:\/\/brightlandcorp.com\/index.php\/wp-json\/wp\/v2\/pages\/4643","targetHints":{"allow":["GET"]}}],"collection":[{"href":"https:\/\/brightlandcorp.com\/index.php\/wp-json\/wp\/v2\/pages"}],"about":[{"href":"https:\/\/brightlandcorp.com\/index.php\/wp-json\/wp\/v2\/types\/page"}],"author":[{"embeddable":true,"href":"https:\/\/brightlandcorp.com\/index.php\/wp-json\/wp\/v2\/users\/1"}],"replies":[{"embeddable":true,"href":"https:\/\/brightlandcorp.com\/index.php\/wp-json\/wp\/v2\/comments?post=4643"}],"version-history":[{"count":7,"href":"https:\/\/brightlandcorp.com\/index.php\/wp-json\/wp\/v2\/pages\/4643\/revisions"}],"predecessor-version":[{"id":4696,"href":"https:\/\/brightlandcorp.com\/index.php\/wp-json\/wp\/v2\/pages\/4643\/revisions\/4696"}],"wp:attachment":[{"href":"https:\/\/brightlandcorp.com\/index.php\/wp-json\/wp\/v2\/media?parent=4643"}],"curies":[{"name":"wp","href":"https:\/\/api.w.org\/{rel}","templated":true}]}}