{"id":4648,"date":"2024-03-27T07:52:09","date_gmt":"2024-03-27T04:52:09","guid":{"rendered":"https:\/\/brightlandcorp.com\/?page_id=4648"},"modified":"2024-04-01T15:00:46","modified_gmt":"2024-04-01T12:00:46","slug":"etkinlikler-ve-konferanslar","status":"publish","type":"page","link":"https:\/\/brightlandcorp.com\/index.php\/etkinlikler-ve-konferanslar\/","title":{"rendered":"Etkinlikler ve Konferanslar"},"content":{"rendered":"\t\t<div data-elementor-type=\"wp-page\" data-elementor-id=\"4648\" class=\"elementor elementor-4648\">\n\t\t\t\t\t\t<section class=\"elementor-section elementor-top-section elementor-element elementor-element-f5e2c8e elementor-section-full_width elementor-section-height-default elementor-section-height-default\" data-id=\"f5e2c8e\" data-element_type=\"section\">\n\t\t\t\t\t\t<div class=\"elementor-container elementor-column-gap-no\">\n\t\t\t\t\t<div class=\"elementor-column elementor-col-100 elementor-top-column elementor-element elementor-element-63fe0be\" data-id=\"63fe0be\" data-element_type=\"column\">\n\t\t\t<div class=\"elementor-widget-wrap elementor-element-populated\">\n\t\t\t\t\t\t<section class=\"elementor-section elementor-inner-section elementor-element elementor-element-ded65de elementor-section-content-middle elementor-section-boxed elementor-section-height-default elementor-section-height-default\" data-id=\"ded65de\" data-element_type=\"section\">\n\t\t\t\t\t\t<div class=\"elementor-container elementor-column-gap-no\">\n\t\t\t\t\t<div class=\"elementor-column elementor-col-50 elementor-inner-column elementor-element elementor-element-31851a0\" data-id=\"31851a0\" data-element_type=\"column\">\n\t\t\t<div class=\"elementor-widget-wrap elementor-element-populated\">\n\t\t\t\t\t\t<div class=\"elementor-element elementor-element-1a61412 elementor-widget elementor-widget-heading\" data-id=\"1a61412\" data-element_type=\"widget\" data-widget_type=\"heading.default\">\n\t\t\t\t<div class=\"elementor-widget-container\">\n\t\t\t<style>\/*! elementor - v3.20.0 - 26-03-2024 *\/\n.elementor-heading-title{padding:0;margin:0;line-height:1}.elementor-widget-heading .elementor-heading-title[class*=elementor-size-]>a{color:inherit;font-size:inherit;line-height:inherit}.elementor-widget-heading .elementor-heading-title.elementor-size-small{font-size:15px}.elementor-widget-heading .elementor-heading-title.elementor-size-medium{font-size:19px}.elementor-widget-heading .elementor-heading-title.elementor-size-large{font-size:29px}.elementor-widget-heading .elementor-heading-title.elementor-size-xl{font-size:39px}.elementor-widget-heading .elementor-heading-title.elementor-size-xxl{font-size:59px}<\/style><h1 class=\"elementor-heading-title elementor-size-default\">Etkinlikler ve Konferanslar<\/h1>\t\t<\/div>\n\t\t\t\t<\/div>\n\t\t\t\t<div class=\"elementor-element elementor-element-479e9cc elementor-widget elementor-widget-text-editor\" data-id=\"479e9cc\" data-element_type=\"widget\" data-widget_type=\"text-editor.default\">\n\t\t\t\t<div class=\"elementor-widget-container\">\n\t\t\t<style>\/*! elementor - v3.20.0 - 26-03-2024 *\/\n.elementor-widget-text-editor.elementor-drop-cap-view-stacked .elementor-drop-cap{background-color:#69727d;color:#fff}.elementor-widget-text-editor.elementor-drop-cap-view-framed .elementor-drop-cap{color:#69727d;border:3px solid;background-color:transparent}.elementor-widget-text-editor:not(.elementor-drop-cap-view-default) .elementor-drop-cap{margin-top:8px}.elementor-widget-text-editor:not(.elementor-drop-cap-view-default) .elementor-drop-cap-letter{width:1em;height:1em}.elementor-widget-text-editor .elementor-drop-cap{float:left;text-align:center;line-height:1;font-size:50px}.elementor-widget-text-editor .elementor-drop-cap-letter{display:inline-block}<\/style>\t\t\t\t<div class=\"title-divider2\"><\/div>\t\t\t\t\t\t<\/div>\n\t\t\t\t<\/div>\n\t\t\t\t<div class=\"elementor-element elementor-element-d1592cc elementor-widget elementor-widget-text-editor\" data-id=\"d1592cc\" data-element_type=\"widget\" data-widget_type=\"text-editor.default\">\n\t\t\t\t<div class=\"elementor-widget-container\">\n\t\t\t\t\t\t\t<p>Kurumsal ve \u00f6zel etkinlikler, konferanslar ve seminerler i\u00e7in A&#8217;dan Z&#8217;ye dan\u0131\u015fmanl\u0131k ve organizasyon hizmetleri sunan Brightland, etkinli\u011finizin ba\u015far\u0131l\u0131 ve unutulmaz olmas\u0131n\u0131 sa\u011flar.<\/p>\t\t\t\t\t\t<\/div>\n\t\t\t\t<\/div>\n\t\t\t\t<div class=\"elementor-element elementor-element-b070028 elementor-widget-tablet__width-initial elementor-widget elementor-widget-kiddinochecklist\" data-id=\"b070028\" data-element_type=\"widget\" data-widget_type=\"kiddinochecklist.default\">\n\t\t\t\t<div class=\"elementor-widget-container\">\n\t\t\t            <div class=\"row justify-content-center justify-content-xl-start \">\n\t\t\t\t<div class=\"col-auto\">\n\t\t\t\t\t<div class=\"list-style1\">\n\t\t\t\t\t\t<ul class=\"list-unstyled\">\n\t\t\t\t\t\t\t\t\t\t\t\t\t\t\t<li>Kurumsal Etkinlik Dan\u0131\u015fmanl\u0131\u011f\u0131<\/li>\n\t\t\t\t\t\t\t\t\t\t\t\t\t\t\t<li>\u00d6zel Etkinlik Organizasyonu<\/li>\n\t\t\t\t\t\t\t\t\t\t\t\t\t\t\t<li>Ulusal ve Uluslararas\u0131 E\u011fitim Turlar\u0131 ve Yaz Okullar\u0131<\/li>\n\t\t\t\t\t\t\t\t\t\t\t\t\t\t\t<li>Etkinlik Planlama ve Y\u00f6netimi<\/li>\n\t\t\t\t\t\t\t\t\t\t\t\t\t<\/ul>\n\t\t\t\t\t<\/div>\n\t\t\t\t<\/div>\n            <\/div>\n        \t\t<\/div>\n\t\t\t\t<\/div>\n\t\t\t\t\t<\/div>\n\t\t<\/div>\n\t\t\t\t<div class=\"elementor-column elementor-col-50 elementor-inner-column elementor-element elementor-element-d4fa0ce\" data-id=\"d4fa0ce\" data-element_type=\"column\">\n\t\t\t<div class=\"elementor-widget-wrap elementor-element-populated\">\n\t\t\t\t\t\t<div class=\"elementor-element elementor-element-7e506e2 elementor-widget elementor-widget-kiddinoimagebox\" data-id=\"7e506e2\" data-element_type=\"widget\" data-widget_type=\"kiddinoimagebox.default\">\n\t\t\t\t<div class=\"elementor-widget-container\">\n\t\t\t\t\t<div class=\"img-box7 imagebox-wraper \">\r\n\t\t\t    <div class=\"mega-hover\">\n        <img decoding=\"async\" src=\"https:\/\/brightlandcorp.com\/wp-content\/uploads\/2024\/03\/danismanlik6.jpg\" alt=\"teacher\"  class=\"w-100\" \/>    <\/div>\n\t\t<\/div>\r\n\t\t\t<\/div>\n\t\t\t\t<\/div>\n\t\t\t\t\t<\/div>\n\t\t<\/div>\n\t\t\t\t\t<\/div>\n\t\t<\/section>\n\t\t\t\t<section class=\"elementor-section elementor-inner-section elementor-element elementor-element-decf8d3 elementor-section-content-middle elementor-section-boxed elementor-section-height-default elementor-section-height-default\" data-id=\"decf8d3\" data-element_type=\"section\">\n\t\t\t\t\t\t<div class=\"elementor-container elementor-column-gap-no\">\n\t\t\t\t\t<div class=\"elementor-column elementor-col-100 elementor-inner-column elementor-element elementor-element-0e5688a\" data-id=\"0e5688a\" data-element_type=\"column\">\n\t\t\t<div class=\"elementor-widget-wrap elementor-element-populated\">\n\t\t\t\t\t\t<div class=\"elementor-element elementor-element-8dc010b elementor-widget elementor-widget-heading\" data-id=\"8dc010b\" data-element_type=\"widget\" data-widget_type=\"heading.default\">\n\t\t\t\t<div class=\"elementor-widget-container\">\n\t\t\t<h1 class=\"elementor-heading-title elementor-size-default\">Etkinlikler ve Konferanslar<\/h1>\t\t<\/div>\n\t\t\t\t<\/div>\n\t\t\t\t<div class=\"elementor-element elementor-element-c6639c8 elementor-widget elementor-widget-text-editor\" data-id=\"c6639c8\" data-element_type=\"widget\" data-widget_type=\"text-editor.default\">\n\t\t\t\t<div class=\"elementor-widget-container\">\n\t\t\t\t\t\t\t<div class=\"title-divider2\"><\/div>\t\t\t\t\t\t<\/div>\n\t\t\t\t<\/div>\n\t\t\t\t<div class=\"elementor-element elementor-element-407ed61 elementor-widget elementor-widget-text-editor\" data-id=\"407ed61\" data-element_type=\"widget\" data-widget_type=\"text-editor.default\">\n\t\t\t\t<div class=\"elementor-widget-container\">\n\t\t\t\t\t\t\t<p>Kurumsal ve bireysel m\u00fc\u015fterilere y\u00f6nelik etkinlik ve konferans organizasyonu hizmetleri ile Brightland, unutulmaz anlar yaratmay\u0131 ve etkinliklerinizi ba\u015far\u0131yla sonu\u00e7land\u0131rmay\u0131 hedefler. Bu hizmet kapsam\u0131nda, kurumsal toplant\u0131lar, seminerler, konferanslar, mezuniyet t\u00f6renleri ve \u00f6zel kutlamalar i\u00e7in A&#8217;dan Z&#8217;ye planlama ve y\u00f6netim deste\u011fi sunuyoruz. Profesyonel ekibimiz, etkinli\u011finizin temas\u0131na ve hedeflerine uygun olarak yenilik\u00e7i fikirler ve \u00e7\u00f6z\u00fcmler \u00fcreterek, her detay\u0131n m\u00fckemmel bir \u015fekilde organize edilmesini sa\u011flar. Etkinlikler ve konferanslar hizmetimiz, kat\u0131l\u0131mc\u0131lara unutulmaz deneyimler ya\u015fatmak ve markan\u0131z\u0131n de\u011ferini art\u0131rmak i\u00e7in tasarlanm\u0131\u015ft\u0131r.<\/p>\t\t\t\t\t\t<\/div>\n\t\t\t\t<\/div>\n\t\t\t\t\t<\/div>\n\t\t<\/div>\n\t\t\t\t\t<\/div>\n\t\t<\/section>\n\t\t\t\t<section class=\"elementor-section elementor-inner-section elementor-element elementor-element-9fe327b elementor-section-content-middle elementor-section-boxed elementor-section-height-default elementor-section-height-default\" data-id=\"9fe327b\" data-element_type=\"section\">\n\t\t\t\t\t\t<div class=\"elementor-container elementor-column-gap-no\">\n\t\t\t\t\t<div class=\"elementor-column elementor-col-100 elementor-inner-column elementor-element elementor-element-a34bc90\" data-id=\"a34bc90\" data-element_type=\"column\">\n\t\t\t<div class=\"elementor-widget-wrap elementor-element-populated\">\n\t\t\t\t\t\t<div class=\"elementor-element elementor-element-aa7f4b2 elementor-widget elementor-widget-heading\" data-id=\"aa7f4b2\" data-element_type=\"widget\" data-widget_type=\"heading.default\">\n\t\t\t\t<div class=\"elementor-widget-container\">\n\t\t\t<h1 class=\"elementor-heading-title elementor-size-default\">Neler Sa\u011fl\u0131yoruz<\/h1>\t\t<\/div>\n\t\t\t\t<\/div>\n\t\t\t\t<div class=\"elementor-element elementor-element-e9d72dc elementor-widget elementor-widget-text-editor\" data-id=\"e9d72dc\" data-element_type=\"widget\" data-widget_type=\"text-editor.default\">\n\t\t\t\t<div class=\"elementor-widget-container\">\n\t\t\t\t\t\t\t<div class=\"title-divider2\"><\/div>\t\t\t\t\t\t<\/div>\n\t\t\t\t<\/div>\n\t\t\t\t<div class=\"elementor-element elementor-element-1cf5d3b elementor-widget elementor-widget-kiddinofaq\" data-id=\"1cf5d3b\" data-element_type=\"widget\" data-widget_type=\"kiddinofaq.default\">\n\t\t\t\t<div class=\"elementor-widget-container\">\n\t\t\t<div class=\"accordion accordion-style1 \" id=\"faqWidget_69f5edf473fe3\"><div class=\"accordion-item accordion-box active\"><div class=\"accordion-header\" id=\"faq_69f5edf473fe9\"><button class=\"accordion-button \" type=\"button\" data-bs-toggle=\"collapse\" data-bs-target=\"#faq_69f5edf473fe9_collapse\" aria-expanded=\"true\" aria-controls=\"faq_69f5edf473fe9_collapse\">Etkinlik Planlama ve Y\u00f6netimi<\/button><\/div><div id=\"faq_69f5edf473fe9_collapse\" class=\"accordion-collapse collapse show\" aria-labelledby=\"faq_69f5edf473fe9\" data-bs-parent=\"#faqWidget_69f5edf473fe3\"><div class=\"accordion-body\"><p> Ba\u015flang\u0131\u00e7tan sona etkinliklerinizi planlama ve y\u00f6netme konusunda tam kapsaml\u0131 hizmet sa\u011flar, bu sayede etkinlikleriniz sorunsuz bir \u015fekilde ger\u00e7ekle\u015fir.<\/p><\/div><\/div><\/div><div class=\"accordion-item accordion-box \"><div class=\"accordion-header\" id=\"faq_69f5edf473ff2\"><button class=\"accordion-button collapsed\" type=\"button\" data-bs-toggle=\"collapse\" data-bs-target=\"#faq_69f5edf473ff2_collapse\" aria-expanded=\"false\" aria-controls=\"faq_69f5edf473ff2_collapse\">Yarat\u0131c\u0131 ve \u00d6zg\u00fcn \u0130\u00e7erik<\/button><\/div><div id=\"faq_69f5edf473ff2_collapse\" class=\"accordion-collapse collapse \" aria-labelledby=\"faq_69f5edf473ff2\" data-bs-parent=\"#faqWidget_69f5edf473fe3\"><div class=\"accordion-body\"><p>Etkinli\u011finizin amac\u0131na ve temas\u0131na uygun yarat\u0131c\u0131 ve \u00f6zg\u00fcn i\u00e7eriklerle kat\u0131l\u0131mc\u0131lar\u0131n dikkatini \u00e7eker ve etkile\u015fimi art\u0131r\u0131r.<\/p><\/div><\/div><\/div><div class=\"accordion-item accordion-box \"><div class=\"accordion-header\" id=\"faq_69f5edf473ff8\"><button class=\"accordion-button collapsed\" type=\"button\" data-bs-toggle=\"collapse\" data-bs-target=\"#faq_69f5edf473ff8_collapse\" aria-expanded=\"false\" aria-controls=\"faq_69f5edf473ff8_collapse\">Logistik Destek<\/button><\/div><div id=\"faq_69f5edf473ff8_collapse\" class=\"accordion-collapse collapse \" aria-labelledby=\"faq_69f5edf473ff8\" data-bs-parent=\"#faqWidget_69f5edf473fe3\"><div class=\"accordion-body\"><p> Mekan se\u00e7iminden, kat\u0131l\u0131mc\u0131 y\u00f6netimine, teknik ekipmandan, yemek ve ula\u015f\u0131m hizmetlerine kadar etkinlik logisti\u011fi ile ilgili her t\u00fcrl\u00fc deste\u011fi sa\u011flar.\n<\/p><\/div><\/div><\/div><div class=\"accordion-item accordion-box \"><div class=\"accordion-header\" id=\"faq_69f5edf473ffe\"><button class=\"accordion-button collapsed\" type=\"button\" data-bs-toggle=\"collapse\" data-bs-target=\"#faq_69f5edf473ffe_collapse\" aria-expanded=\"false\" aria-controls=\"faq_69f5edf473ffe_collapse\">Marka De\u011ferini Art\u0131rma<\/button><\/div><div id=\"faq_69f5edf473ffe_collapse\" class=\"accordion-collapse collapse \" aria-labelledby=\"faq_69f5edf473ffe\" data-bs-parent=\"#faqWidget_69f5edf473fe3\"><div class=\"accordion-body\"><p>Etkinlikleriniz arac\u0131l\u0131\u011f\u0131yla kurumunuzun veya markan\u0131z\u0131n tan\u0131t\u0131m\u0131n\u0131 yapar ve marka de\u011ferini art\u0131rmaya yard\u0131mc\u0131 olur.<\/p><\/div><\/div><\/div><\/div>\t\t<\/div>\n\t\t\t\t<\/div>\n\t\t\t\t\t<\/div>\n\t\t<\/div>\n\t\t\t\t\t<\/div>\n\t\t<\/section>\n\t\t\t\t\t<\/div>\n\t\t<\/div>\n\t\t\t\t\t<\/div>\n\t\t<\/section>\n\t\t\t\t<\/div>\n\t\t","protected":false},"excerpt":{"rendered":"<p>Etkinlikler ve Konferanslar Kurumsal ve \u00f6zel etkinlikler, konferanslar ve seminerler i\u00e7in A&#8217;dan Z&#8217;ye dan\u0131\u015fmanl\u0131k ve organizasyon hizmetleri sunan Brightland, etkinli\u011finizin ba\u015far\u0131l\u0131 ve unutulmaz olmas\u0131n\u0131 sa\u011flar. Kurumsal Etkinlik Dan\u0131\u015fmanl\u0131\u011f\u0131 \u00d6zel Etkinlik Organizasyonu Ulusal ve Uluslararas\u0131 E\u011fitim Turlar\u0131 ve Yaz Okullar\u0131 Etkinlik Planlama ve Y\u00f6netimi Etkinlikler ve Konferanslar Kurumsal ve bireysel m\u00fc\u015fterilere y\u00f6nelik etkinlik ve konferans organizasyonu&#8230;<\/p>\n","protected":false},"author":1,"featured_media":0,"parent":0,"menu_order":0,"comment_status":"closed","ping_status":"closed","template":"elementor_header_footer","meta":{"footnotes":""},"class_list":["post-4648","page","type-page","status-publish","hentry"],"_links":{"self":[{"href":"https:\/\/brightlandcorp.com\/index.php\/wp-json\/wp\/v2\/pages\/4648","targetHints":{"allow":["GET"]}}],"collection":[{"href":"https:\/\/brightlandcorp.com\/index.php\/wp-json\/wp\/v2\/pages"}],"about":[{"href":"https:\/\/brightlandcorp.com\/index.php\/wp-json\/wp\/v2\/types\/page"}],"author":[{"embeddable":true,"href":"https:\/\/brightlandcorp.com\/index.php\/wp-json\/wp\/v2\/users\/1"}],"replies":[{"embeddable":true,"href":"https:\/\/brightlandcorp.com\/index.php\/wp-json\/wp\/v2\/comments?post=4648"}],"version-history":[{"count":10,"href":"https:\/\/brightlandcorp.com\/index.php\/wp-json\/wp\/v2\/pages\/4648\/revisions"}],"predecessor-version":[{"id":4730,"href":"https:\/\/brightlandcorp.com\/index.php\/wp-json\/wp\/v2\/pages\/4648\/revisions\/4730"}],"wp:attachment":[{"href":"https:\/\/brightlandcorp.com\/index.php\/wp-json\/wp\/v2\/media?parent=4648"}],"curies":[{"name":"wp","href":"https:\/\/api.w.org\/{rel}","templated":true}]}}