{"id":4791,"date":"2024-05-13T12:02:54","date_gmt":"2024-05-13T09:02:54","guid":{"rendered":"https:\/\/brightlandcorp.com\/?page_id=4791"},"modified":"2024-09-13T12:40:04","modified_gmt":"2024-09-13T09:40:04","slug":"management-level-network-english-master-class","status":"publish","type":"page","link":"https:\/\/brightlandcorp.com\/index.php\/management-level-network-english-master-class\/","title":{"rendered":"Management Level Network English Master Class"},"content":{"rendered":"\t\t<div data-elementor-type=\"wp-page\" data-elementor-id=\"4791\" class=\"elementor elementor-4791\">\n\t\t\t\t\t\t<section class=\"elementor-section elementor-top-section elementor-element elementor-element-f5e2c8e elementor-section-full_width elementor-section-height-default elementor-section-height-default\" data-id=\"f5e2c8e\" data-element_type=\"section\">\n\t\t\t\t\t\t<div class=\"elementor-container elementor-column-gap-no\">\n\t\t\t\t\t<div class=\"elementor-column elementor-col-100 elementor-top-column elementor-element elementor-element-63fe0be\" data-id=\"63fe0be\" data-element_type=\"column\">\n\t\t\t<div class=\"elementor-widget-wrap elementor-element-populated\">\n\t\t\t\t\t\t<section class=\"elementor-section elementor-inner-section elementor-element elementor-element-ded65de elementor-section-content-middle elementor-section-boxed elementor-section-height-default elementor-section-height-default\" data-id=\"ded65de\" data-element_type=\"section\">\n\t\t\t\t\t\t<div class=\"elementor-container elementor-column-gap-no\">\n\t\t\t\t\t<div class=\"elementor-column elementor-col-50 elementor-inner-column elementor-element elementor-element-31851a0\" data-id=\"31851a0\" data-element_type=\"column\">\n\t\t\t<div class=\"elementor-widget-wrap elementor-element-populated\">\n\t\t\t\t\t\t<div class=\"elementor-element elementor-element-1a61412 elementor-widget elementor-widget-heading\" data-id=\"1a61412\" data-element_type=\"widget\" data-widget_type=\"heading.default\">\n\t\t\t\t<div class=\"elementor-widget-container\">\n\t\t\t<style>\/*! elementor - v3.20.0 - 26-03-2024 *\/\n.elementor-heading-title{padding:0;margin:0;line-height:1}.elementor-widget-heading .elementor-heading-title[class*=elementor-size-]>a{color:inherit;font-size:inherit;line-height:inherit}.elementor-widget-heading .elementor-heading-title.elementor-size-small{font-size:15px}.elementor-widget-heading .elementor-heading-title.elementor-size-medium{font-size:19px}.elementor-widget-heading .elementor-heading-title.elementor-size-large{font-size:29px}.elementor-widget-heading .elementor-heading-title.elementor-size-xl{font-size:39px}.elementor-widget-heading .elementor-heading-title.elementor-size-xxl{font-size:59px}<\/style><h1 class=\"elementor-heading-title elementor-size-default\">Y\u00f6netici D\u00fczeyi Network \u0130ngilizce Master S\u0131n\u0131f\u0131<\/h1>\t\t<\/div>\n\t\t\t\t<\/div>\n\t\t\t\t<div class=\"elementor-element elementor-element-479e9cc elementor-widget elementor-widget-text-editor\" data-id=\"479e9cc\" data-element_type=\"widget\" data-widget_type=\"text-editor.default\">\n\t\t\t\t<div class=\"elementor-widget-container\">\n\t\t\t<style>\/*! elementor - v3.20.0 - 26-03-2024 *\/\n.elementor-widget-text-editor.elementor-drop-cap-view-stacked .elementor-drop-cap{background-color:#69727d;color:#fff}.elementor-widget-text-editor.elementor-drop-cap-view-framed .elementor-drop-cap{color:#69727d;border:3px solid;background-color:transparent}.elementor-widget-text-editor:not(.elementor-drop-cap-view-default) .elementor-drop-cap{margin-top:8px}.elementor-widget-text-editor:not(.elementor-drop-cap-view-default) .elementor-drop-cap-letter{width:1em;height:1em}.elementor-widget-text-editor .elementor-drop-cap{float:left;text-align:center;line-height:1;font-size:50px}.elementor-widget-text-editor .elementor-drop-cap-letter{display:inline-block}<\/style>\t\t\t\t<div class=\"title-divider2\"><\/div>\t\t\t\t\t\t<\/div>\n\t\t\t\t<\/div>\n\t\t\t\t<div class=\"elementor-element elementor-element-d1592cc elementor-widget elementor-widget-text-editor\" data-id=\"d1592cc\" data-element_type=\"widget\" data-widget_type=\"text-editor.default\">\n\t\t\t\t<div class=\"elementor-widget-container\">\n\t\t\t\t\t\t\t<p>CEO&#8217;lar, y\u00f6neticiler ve i\u015f d\u00fcnyas\u0131 liderleri i\u00e7in \u00f6zel olarak tasarlanm\u0131\u015f bu e\u011fitim program\u0131 ile \u0130ngilizce i\u015fletme becerilerinizi geli\u015ftirin, liderlik ve global i\u015f stratejileri \u00fczerine derinlemesine bilgi edinin.<\/p>\t\t\t\t\t\t<\/div>\n\t\t\t\t<\/div>\n\t\t\t\t<div class=\"elementor-element elementor-element-b070028 elementor-widget-tablet__width-initial elementor-widget elementor-widget-kiddinochecklist\" data-id=\"b070028\" data-element_type=\"widget\" data-widget_type=\"kiddinochecklist.default\">\n\t\t\t\t<div class=\"elementor-widget-container\">\n\t\t\t            <div class=\"row justify-content-center justify-content-xl-start \">\n\t\t\t\t<div class=\"col-auto\">\n\t\t\t\t\t<div class=\"list-style1\">\n\t\t\t\t\t\t<ul class=\"list-unstyled\">\n\t\t\t\t\t\t\t\t\t\t\t\t\t\t\t<li>E\u011fitim \u0130\u00e7eri\u011fi: \u0130\u015f \u0130ngilizcesi, liderlik becerileri ve global i\u015f stratejileri.<\/li>\n\t\t\t\t\t\t\t\t\t\t\t\t\t\t\t<li>\u00d6\u011frenme Y\u00f6ntemi: \u0130nteraktif \u00f6\u011frenme deneyimleri, oyunlar ve rehberli sohbetler.<\/li>\n\t\t\t\t\t\t\t\t\t\t\t\t\t\t\t<li>Kontenjan ve Sertifika Bilgisi: Her s\u0131n\u0131f s\u0131n\u0131rl\u0131 say\u0131da kat\u0131l\u0131mc\u0131 kabul edilecek ve program\u0131 tamamlayan her kat\u0131l\u0131mc\u0131ya uluslararas\u0131 ge\u00e7erli bir sertifika verilecek.<\/li>\n\t\t\t\t\t\t\t\t\t\t\t\t\t<\/ul>\n\t\t\t\t\t<\/div>\n\t\t\t\t<\/div>\n            <\/div>\n        \t\t<\/div>\n\t\t\t\t<\/div>\n\t\t\t\t\t<\/div>\n\t\t<\/div>\n\t\t\t\t<div class=\"elementor-column elementor-col-50 elementor-inner-column elementor-element elementor-element-d4fa0ce\" data-id=\"d4fa0ce\" data-element_type=\"column\">\n\t\t\t<div class=\"elementor-widget-wrap elementor-element-populated\">\n\t\t\t\t\t\t<div class=\"elementor-element elementor-element-7e506e2 elementor-widget elementor-widget-kiddinoimagebox\" data-id=\"7e506e2\" data-element_type=\"widget\" data-widget_type=\"kiddinoimagebox.default\">\n\t\t\t\t<div class=\"elementor-widget-container\">\n\t\t\t\t\t<div class=\"img-box7 imagebox-wraper \">\r\n\t\t\t    <div class=\"mega-hover\">\n        <img decoding=\"async\" src=\"https:\/\/brightlandcorp.com\/wp-content\/uploads\/2024\/05\/businesswoman-raising-hand-in-business-seminar-in-2023-11-27-05-25-59-utc-scaled.jpg\" alt=\"teacher\"  class=\"w-100\" \/>    <\/div>\n\t\t<\/div>\r\n\t\t\t<\/div>\n\t\t\t\t<\/div>\n\t\t\t\t\t<\/div>\n\t\t<\/div>\n\t\t\t\t\t<\/div>\n\t\t<\/section>\n\t\t\t\t<section class=\"elementor-section elementor-inner-section elementor-element elementor-element-decf8d3 elementor-section-content-middle elementor-section-boxed elementor-section-height-default elementor-section-height-default\" data-id=\"decf8d3\" data-element_type=\"section\">\n\t\t\t\t\t\t<div class=\"elementor-container elementor-column-gap-no\">\n\t\t\t\t\t<div class=\"elementor-column elementor-col-100 elementor-inner-column elementor-element elementor-element-0e5688a\" data-id=\"0e5688a\" data-element_type=\"column\">\n\t\t\t<div class=\"elementor-widget-wrap elementor-element-populated\">\n\t\t\t\t\t\t<div class=\"elementor-element elementor-element-c6639c8 elementor-widget elementor-widget-text-editor\" data-id=\"c6639c8\" data-element_type=\"widget\" data-widget_type=\"text-editor.default\">\n\t\t\t\t<div class=\"elementor-widget-container\">\n\t\t\t\t\t\t\t<div class=\"title-divider2\"><\/div>\t\t\t\t\t\t<\/div>\n\t\t\t\t<\/div>\n\t\t\t\t<div class=\"elementor-element elementor-element-8dc010b elementor-widget elementor-widget-heading\" data-id=\"8dc010b\" data-element_type=\"widget\" data-widget_type=\"heading.default\">\n\t\t\t\t<div class=\"elementor-widget-container\">\n\t\t\t<h1 class=\"elementor-heading-title elementor-size-default\">Y\u00f6netici D\u00fczeyi Network \u0130ngilizce Master S\u0131n\u0131f\u0131 Kay\u0131t Formu\n\n<\/h1>\t\t<\/div>\n\t\t\t\t<\/div>\n\t\t\t\t<div class=\"elementor-element elementor-element-2682c15 elementor-widget elementor-widget-shortcode\" data-id=\"2682c15\" data-element_type=\"widget\" data-widget_type=\"shortcode.default\">\n\t\t\t\t<div class=\"elementor-widget-container\">\n\t\t\t\t\t<div class=\"elementor-shortcode\">\n<div class=\"wpcf7 no-js\" id=\"wpcf7-f4801-o1\" lang=\"tr-TR\" dir=\"ltr\">\n<div class=\"screen-reader-response\"><p role=\"status\" aria-live=\"polite\" aria-atomic=\"true\"><\/p> <ul><\/ul><\/div>\n<form action=\"\/index.php\/wp-json\/wp\/v2\/pages\/4791#wpcf7-f4801-o1\" method=\"post\" class=\"wpcf7-form init\" aria-label=\"Contact form\" novalidate=\"novalidate\" data-status=\"init\">\n<div style=\"display: none;\">\n<input type=\"hidden\" name=\"_wpcf7\" value=\"4801\" \/>\n<input type=\"hidden\" name=\"_wpcf7_version\" value=\"5.9.3\" \/>\n<input type=\"hidden\" name=\"_wpcf7_locale\" value=\"tr_TR\" \/>\n<input type=\"hidden\" name=\"_wpcf7_unit_tag\" value=\"wpcf7-f4801-o1\" \/>\n<input type=\"hidden\" name=\"_wpcf7_container_post\" value=\"0\" \/>\n<input type=\"hidden\" name=\"_wpcf7_posted_data_hash\" value=\"\" \/>\n<\/div>\n<p><span class=\"wpcf7-form-control-wrap\" data-name=\"ad\"><input size=\"40\" class=\"wpcf7-form-control wpcf7-text wpcf7-validates-as-required\" aria-required=\"true\" aria-invalid=\"false\" placeholder=\"Ad\" value=\"\" type=\"text\" name=\"ad\" \/><\/span><\/p>\n<p><span class=\"wpcf7-form-control-wrap\" data-name=\"soyad\"><input size=\"40\" class=\"wpcf7-form-control wpcf7-text wpcf7-validates-as-required\" aria-required=\"true\" aria-invalid=\"false\" placeholder=\"Soyad\" value=\"\" type=\"text\" name=\"soyad\" \/><\/span><\/p>\n<p><span class=\"wpcf7-form-control-wrap\" data-name=\"meslek\"><input size=\"40\" class=\"wpcf7-form-control wpcf7-text wpcf7-validates-as-required\" aria-required=\"true\" aria-invalid=\"false\" placeholder=\"Meslek\" value=\"\" type=\"text\" name=\"meslek\" \/><\/span><\/p>\n<p><span class=\"wpcf7-form-control-wrap\" data-name=\"telefon\"><input size=\"40\" class=\"wpcf7-form-control wpcf7-tel wpcf7-validates-as-required wpcf7-text wpcf7-validates-as-tel\" aria-required=\"true\" aria-invalid=\"false\" placeholder=\"Telefon Numaras\u0131\" value=\"\" type=\"tel\" name=\"telefon\" \/><\/span><\/p>\n<p><span class=\"wpcf7-form-control-wrap\" data-name=\"email\"><input size=\"40\" class=\"wpcf7-form-control wpcf7-email wpcf7-validates-as-required wpcf7-text wpcf7-validates-as-email\" aria-required=\"true\" aria-invalid=\"false\" placeholder=\"E-posta Adresi\" value=\"\" type=\"email\" name=\"email\" \/><\/span><\/p>\n\n<p><strong>\u0130ngilizce Seviyeniz<\/strong><\/p>\n<span class=\"wpcf7-form-control-wrap\" data-name=\"ing-seviyesi\"><select class=\"wpcf7-form-control wpcf7-select wpcf7-validates-as-required\" aria-required=\"true\" aria-invalid=\"false\" name=\"ing-seviyesi\"><option value=\"Ba\u015flang\u0131\u00e7\">Ba\u015flang\u0131\u00e7<\/option><option value=\"Alt-Orta\">Alt-Orta<\/option><option value=\"\u00dcst-Orta\">\u00dcst-Orta<\/option><option value=\"\u0130leri\">\u0130leri<\/option><\/select><\/span>\n\n<p><strong>\u0130\u015finiz i\u00e7in \u0130ngilizceye ihtiyac\u0131n\u0131z var m\u0131?<\/strong><\/p>\n<span class=\"wpcf7-form-control-wrap\" data-name=\"ing-is\"><select class=\"wpcf7-form-control wpcf7-select wpcf7-validates-as-required\" aria-required=\"true\" aria-invalid=\"false\" name=\"ing-is\"><option value=\"Evet\">Evet<\/option><option value=\"Hay\u0131r\">Hay\u0131r<\/option><\/select><\/span>\n\n<p><strong>S\u0131k s\u0131k seyahat eder misiniz?<\/strong><\/p>\n<span class=\"wpcf7-form-control-wrap\" data-name=\"seyahat\"><select class=\"wpcf7-form-control wpcf7-select wpcf7-validates-as-required\" aria-required=\"true\" aria-invalid=\"false\" name=\"seyahat\"><option value=\"Evet\">Evet<\/option><option value=\"Hay\u0131r\">Hay\u0131r<\/option><\/select><\/span>\n\n<p><strong>Kat\u0131l\u0131m Hedefleri<\/strong><\/p>\n<span class=\"wpcf7-form-control-wrap\" data-name=\"hedefler\"><span class=\"wpcf7-form-control wpcf7-checkbox wpcf7-validates-as-required\"><span class=\"wpcf7-list-item first\"><label><input type=\"checkbox\" name=\"hedefler[]\" value=\"Konu\u015fmada G\u00fcven Kazanma\" \/><span class=\"wpcf7-list-item-label\">Konu\u015fmada G\u00fcven Kazanma<\/span><\/label><\/span><span class=\"wpcf7-list-item\"><label><input type=\"checkbox\" name=\"hedefler[]\" value=\"Kelime Bilgisini Geli\u015ftirme\" \/><span class=\"wpcf7-list-item-label\">Kelime Bilgisini Geli\u015ftirme<\/span><\/label><\/span><span class=\"wpcf7-list-item\"><label><input type=\"checkbox\" name=\"hedefler[]\" value=\"Dinleme ve Anlama Becerilerini Geli\u015ftirme\" \/><span class=\"wpcf7-list-item-label\">Dinleme ve Anlama Becerilerini Geli\u015ftirme<\/span><\/label><\/span><span class=\"wpcf7-list-item\"><label><input type=\"checkbox\" name=\"hedefler[]\" value=\"Konu\u015fma Ak\u0131c\u0131l\u0131\u011f\u0131 Kazanma\" \/><span class=\"wpcf7-list-item-label\">Konu\u015fma Ak\u0131c\u0131l\u0131\u011f\u0131 Kazanma<\/span><\/label><\/span><span class=\"wpcf7-list-item\"><label><input type=\"checkbox\" name=\"hedefler[]\" value=\"Yazma Becerilerini Geli\u015ftirme\" \/><span class=\"wpcf7-list-item-label\">Yazma Becerilerini Geli\u015ftirme<\/span><\/label><\/span><span class=\"wpcf7-list-item last\"><label><input type=\"checkbox\" name=\"hedefler[]\" value=\"\u0130\u015f\/Toplant\u0131 Sunum Becerilerini Geli\u015ftirme\" \/><span class=\"wpcf7-list-item-label\">\u0130\u015f\/Toplant\u0131 Sunum Becerilerini Geli\u015ftirme<\/span><\/label><\/span><\/span><\/span>\n\n<p><strong>Tercih etti\u011finiz \u00f6\u011frenme modu<\/strong><\/p>\n<span class=\"wpcf7-form-control-wrap\" data-name=\"ogrenme-modu\"><select class=\"wpcf7-form-control wpcf7-select wpcf7-validates-as-required\" aria-required=\"true\" aria-invalid=\"false\" name=\"ogrenme-modu\"><option value=\"Online\">Online<\/option><\/select><\/span>\n\n<p><strong>T\u00fcm online dersler a\u015fa\u011f\u0131daki \u015fekildedir:<\/strong><\/p>\n<span class=\"wpcf7-form-control-wrap\" data-name=\"ders-secenekleri\"><select class=\"wpcf7-form-control wpcf7-select wpcf7-validates-as-required\" aria-required=\"true\" aria-invalid=\"false\" name=\"ders-secenekleri\"><option value=\"5 Ki\u015filik S\u0131n\u0131f: Ayl\u0131k 4450 TL\">5 Ki\u015filik S\u0131n\u0131f: Ayl\u0131k 4450 TL<\/option><option value=\"3 Ki\u015filik S\u0131n\u0131f: Ayl\u0131k 5550 TL\">3 Ki\u015filik S\u0131n\u0131f: Ayl\u0131k 5550 TL<\/option><option value=\"\u00d6zel: Ayl\u0131k 8550 TL\">\u00d6zel: Ayl\u0131k 8550 TL<\/option><\/select><\/span>\n\n<p><strong>Ekim Grup 1<\/strong><\/p>\n<span class=\"wpcf7-form-control-wrap\" data-name=\"ekim-grup-1\"><span class=\"wpcf7-form-control wpcf7-checkbox wpcf7-validates-as-required\"><span class=\"wpcf7-list-item first\"><label><input type=\"checkbox\" name=\"ekim-grup-1[]\" value=\"Pazartesi, \u00c7ar\u015famba, Cumartesi\" \/><span class=\"wpcf7-list-item-label\">Pazartesi, \u00c7ar\u015famba, Cumartesi<\/span><\/label><\/span><span class=\"wpcf7-list-item\"><label><input type=\"checkbox\" name=\"ekim-grup-1[]\" value=\"B\u00f6l\u00fcm 1: 19:00 - 19:50\" \/><span class=\"wpcf7-list-item-label\">B\u00f6l\u00fcm 1: 19:00 - 19:50<\/span><\/label><\/span><span class=\"wpcf7-list-item\"><label><input type=\"checkbox\" name=\"ekim-grup-1[]\" value=\"B\u00f6l\u00fcm 2: 20:00 - 20:50\" \/><span class=\"wpcf7-list-item-label\">B\u00f6l\u00fcm 2: 20:00 - 20:50<\/span><\/label><\/span><span class=\"wpcf7-list-item last\"><label><input type=\"checkbox\" name=\"ekim-grup-1[]\" value=\"Kay\u0131t Onayland\u0131\" \/><span class=\"wpcf7-list-item-label\">Kay\u0131t Onayland\u0131<\/span><\/label><\/span><\/span><\/span>\n\n<p><strong>Ekim Grup 2<\/strong><\/p>\n<span class=\"wpcf7-form-control-wrap\" data-name=\"ekim-grup-2\"><span class=\"wpcf7-form-control wpcf7-checkbox wpcf7-validates-as-required\"><span class=\"wpcf7-list-item first\"><label><input type=\"checkbox\" name=\"ekim-grup-2[]\" value=\"Sal\u0131, Per\u015fembe\" \/><span class=\"wpcf7-list-item-label\">Sal\u0131, Per\u015fembe<\/span><\/label><\/span><span class=\"wpcf7-list-item\"><label><input type=\"checkbox\" name=\"ekim-grup-2[]\" value=\"B\u00f6l\u00fcm 1: 19:00 - 19:50\" \/><span class=\"wpcf7-list-item-label\">B\u00f6l\u00fcm 1: 19:00 - 19:50<\/span><\/label><\/span><span class=\"wpcf7-list-item\"><label><input type=\"checkbox\" name=\"ekim-grup-2[]\" value=\"B\u00f6l\u00fcm 2: 20:00 - 20:50\" \/><span class=\"wpcf7-list-item-label\">B\u00f6l\u00fcm 2: 20:00 - 20:50<\/span><\/label><\/span><span class=\"wpcf7-list-item\"><label><input type=\"checkbox\" name=\"ekim-grup-2[]\" value=\"Cumartesi B\u00f6l\u00fcm 1: 11:00 - 11:50\" \/><span class=\"wpcf7-list-item-label\">Cumartesi B\u00f6l\u00fcm 1: 11:00 - 11:50<\/span><\/label><\/span><span class=\"wpcf7-list-item\"><label><input type=\"checkbox\" name=\"ekim-grup-2[]\" value=\"Cumartesi B\u00f6l\u00fcm 2: 12:00 - 12:50\" \/><span class=\"wpcf7-list-item-label\">Cumartesi B\u00f6l\u00fcm 2: 12:00 - 12:50<\/span><\/label><\/span><span class=\"wpcf7-list-item last\"><label><input type=\"checkbox\" name=\"ekim-grup-2[]\" value=\"Kay\u0131t Onayland\u0131\" \/><span class=\"wpcf7-list-item-label\">Kay\u0131t Onayland\u0131<\/span><\/label><\/span><\/span><\/span>\n\n<p><input class=\"wpcf7-form-control wpcf7-submit has-spinner\" type=\"submit\" value=\"G\u00f6nder\" \/><\/p><div class=\"wpcf7-response-output\" aria-hidden=\"true\"><\/div>\n<\/form>\n<\/div>\n<\/div>\n\t\t\t\t<\/div>\n\t\t\t\t<\/div>\n\t\t\t\t\t<\/div>\n\t\t<\/div>\n\t\t\t\t\t<\/div>\n\t\t<\/section>\n\t\t\t\t\t<\/div>\n\t\t<\/div>\n\t\t\t\t\t<\/div>\n\t\t<\/section>\n\t\t\t\t<\/div>\n\t\t","protected":false},"excerpt":{"rendered":"<p>Y\u00f6netici D\u00fczeyi Network \u0130ngilizce Master S\u0131n\u0131f\u0131 CEO&#8217;lar, y\u00f6neticiler ve i\u015f d\u00fcnyas\u0131 liderleri i\u00e7in \u00f6zel olarak tasarlanm\u0131\u015f bu e\u011fitim program\u0131 ile \u0130ngilizce i\u015fletme becerilerinizi geli\u015ftirin, liderlik ve global i\u015f stratejileri \u00fczerine derinlemesine bilgi edinin. E\u011fitim \u0130\u00e7eri\u011fi: \u0130\u015f \u0130ngilizcesi, liderlik becerileri ve global i\u015f stratejileri. \u00d6\u011frenme Y\u00f6ntemi: \u0130nteraktif \u00f6\u011frenme deneyimleri, oyunlar ve rehberli sohbetler. Kontenjan ve Sertifika&#8230;<\/p>\n","protected":false},"author":1,"featured_media":0,"parent":0,"menu_order":0,"comment_status":"closed","ping_status":"closed","template":"elementor_header_footer","meta":{"footnotes":""},"class_list":["post-4791","page","type-page","status-publish","hentry"],"_links":{"self":[{"href":"https:\/\/brightlandcorp.com\/index.php\/wp-json\/wp\/v2\/pages\/4791","targetHints":{"allow":["GET"]}}],"collection":[{"href":"https:\/\/brightlandcorp.com\/index.php\/wp-json\/wp\/v2\/pages"}],"about":[{"href":"https:\/\/brightlandcorp.com\/index.php\/wp-json\/wp\/v2\/types\/page"}],"author":[{"embeddable":true,"href":"https:\/\/brightlandcorp.com\/index.php\/wp-json\/wp\/v2\/users\/1"}],"replies":[{"embeddable":true,"href":"https:\/\/brightlandcorp.com\/index.php\/wp-json\/wp\/v2\/comments?post=4791"}],"version-history":[{"count":10,"href":"https:\/\/brightlandcorp.com\/index.php\/wp-json\/wp\/v2\/pages\/4791\/revisions"}],"predecessor-version":[{"id":4805,"href":"https:\/\/brightlandcorp.com\/index.php\/wp-json\/wp\/v2\/pages\/4791\/revisions\/4805"}],"wp:attachment":[{"href":"https:\/\/brightlandcorp.com\/index.php\/wp-json\/wp\/v2\/media?parent=4791"}],"curies":[{"name":"wp","href":"https:\/\/api.w.org\/{rel}","templated":true}]}}